{"id":1952,"date":"2024-12-27T11:36:49","date_gmt":"2024-12-27T11:36:49","guid":{"rendered":"https:\/\/heuristic-kare.46-242-130-154.plesk.page\/?page_id=1952"},"modified":"2026-02-03T17:11:19","modified_gmt":"2026-02-03T17:11:19","slug":"portfolio","status":"publish","type":"page","link":"https:\/\/wmediawzieci.com.pl\/en\/portfolio\/","title":{"rendered":"Portfolio"},"content":{"rendered":"\t\t<div data-elementor-type=\"wp-page\" data-elementor-id=\"1952\" class=\"elementor elementor-1952 elementor-685\" data-elementor-post-type=\"page\">\n\t\t\t\t<div class=\"elementor-element elementor-element-ff2ce12 e-flex e-con-boxed e-con e-parent\" data-id=\"ff2ce12\" data-element_type=\"container\" data-e-type=\"container\">\n\t\t\t\t\t<div class=\"e-con-inner\">\n\t\t\t\t<div class=\"elementor-element elementor-element-7413e05 elementor-widget elementor-widget-heading\" data-id=\"7413e05\" data-element_type=\"widget\" data-e-type=\"widget\" data-widget_type=\"heading.default\">\n\t\t\t\t<div class=\"elementor-widget-container\">\n\t\t\t\t\t<h1 class=\"elementor-heading-title elementor-size-default\">Portfolio<\/h1>\t\t\t\t<\/div>\n\t\t\t\t<\/div>\n\t\t\t\t<div class=\"elementor-element elementor-element-a7137e3 elementor-widget__width-initial elementor-widget elementor-widget-text-editor\" data-id=\"a7137e3\" data-element_type=\"widget\" data-e-type=\"widget\" data-widget_type=\"text-editor.default\">\n\t\t\t\t<div class=\"elementor-widget-container\">\n\t\t\t\t\t\t\t\t\t<p>See our latest film projects. Check corporate videos, promotional spots, advertising animations or social reels.<\/p>\t\t\t\t\t\t\t\t<\/div>\n\t\t\t\t<\/div>\n\t\t\t\t<div class=\"elementor-element elementor-element-ded77af elementor-widget elementor-widget-html\" data-id=\"ded77af\" data-element_type=\"widget\" data-e-type=\"widget\" data-widget_type=\"html.default\">\n\t\t\t\t<div class=\"elementor-widget-container\">\n\t\t\t\t\t<script>\nwindow.addEventListener('load', function() {\n    \/\/ Okre\u015blenie s\u0142\u00f3w, kt\u00f3re chcemy znale\u017a\u0107 i ich zamiana\n    const changes = {\n        \"Rolki\": \"Reels\",\n        \"Animacje\": \"Animations\",\n        \"Produkcje filmowe\": \"Film productions\"\n    };\n\n    \/\/ Funkcja zmieniaj\u0105ca s\u0142owa w tek\u015bcie\n    function replaceWords(text) {\n        for (let word in changes) {\n            \/\/ Escape'owanie znak\u00f3w specjalnych w wyra\u017ceniu regularnym, np. \"\u00b0\"\n            const escapedWord = word.replace(\/([.*+?^=!:${}()|\\[\\]\\\/\\\\])\/g, \"\\\\$1\");\n            const regex = new RegExp(`\\\\b${escapedWord}\\\\b`, 'g'); \/\/ szuka ca\u0142ych s\u0142\u00f3w\n            text = text.replace(regex, changes[word]);\n        }\n        return text;\n    }\n\n    \/\/ Wyszukujemy wszystkie elementy na stronie, w kt\u00f3rych mog\u0105 wyst\u0119powa\u0107 teksty do zmiany\n    const elements = document.querySelectorAll('span');\n\n    elements.forEach(function(element) {\n        element.innerHTML = replaceWords(element.innerHTML);\n    });\n});\n<\/script>\t\t\t\t<\/div>\n\t\t\t\t<\/div>\n\t\t\t\t<div class=\"elementor-element elementor-element-566ae88 elementor-widget elementor-widget-jet-smart-filters-radio\" data-id=\"566ae88\" data-element_type=\"widget\" data-e-type=\"widget\" data-widget_type=\"jet-smart-filters-radio.default\">\n\t\t\t\t<div class=\"elementor-widget-container\">\n\t\t\t\t\t<div class=\"jet-smart-filters-radio jet-filter \" data-indexer-rule=\"show\" data-show-counter=\"\" data-change-counter=\"always\"><div class=\"jet-radio-list\" data-query-type=\"tax_query\" data-query-var=\"kategoria-portfolio\" data-smart-filter=\"radio\" data-filter-id=\"2183\" data-apply-type=\"ajax\" data-content-provider=\"jet-engine\" data-additional-providers=\"\" data-query-id=\"portfolio-1\" data-active-label=\"\" data-layout-options=\"{&quot;show_label&quot;:&quot;&quot;,&quot;display_options&quot;:{&quot;show_items_label&quot;:false,&quot;show_decorator&quot;:false,&quot;filter_image_size&quot;:&quot;full&quot;,&quot;show_counter&quot;:false}}\" data-query-var-suffix=\"\" data-apply-on=\"value\"><form class=\"jet-radio-list-wrapper\"><fieldset><legend style=\"display:none;\">Kategoria portfolio<\/legend><div class=\"jet-radio-list__row jet-filter-row\">\n\t\t<label class=\"jet-radio-list__item\" >\n\t\t<input\n\t\t\ttype=\"radio\"\n\t\t\tclass=\"jet-radio-list__input\"\n\t\t\tname=\"kategoria-portfolio\"\n\t\t\tvalue=\"all\"\n\t\t\tdata-label=\"All\"\n\t\t\t\t\t\taria-label=\"All\"\n\t\t\t\t\t>\n\t\t<div class=\"jet-radio-list__button\">\n\t\t\t\t\t\t<span class=\"jet-radio-list__label\">All<\/span>\n\t\t\t\t\t<\/div>\n\t<\/label>\n<\/div>\n<div class=\"jet-radio-list__row jet-filter-row\">\n\t\t<label class=\"jet-radio-list__item\" >\n\t\t<input\n\t\t\ttype=\"radio\"\n\t\t\tclass=\"jet-radio-list__input\"\n\t\t\tname=\"kategoria-portfolio\"\n\t\t\tvalue=\"5\"\n\t\t\tdata-label=\"Produkcje filmowe\"\n\t\t\t\t\t\taria-label=\"Produkcje filmowe\"\n\t\t\t\t\t>\n\t\t<div class=\"jet-radio-list__button\">\n\t\t\t\t\t\t<span class=\"jet-radio-list__label\">Produkcje filmowe<\/span>\n\t\t\t\t\t<\/div>\n\t<\/label>\n<\/div>\n<div class=\"jet-radio-list__row jet-filter-row\">\n\t\t<label class=\"jet-radio-list__item\" >\n\t\t<input\n\t\t\ttype=\"radio\"\n\t\t\tclass=\"jet-radio-list__input\"\n\t\t\tname=\"kategoria-portfolio\"\n\t\t\tvalue=\"31\"\n\t\t\tdata-label=\"Animacje\"\n\t\t\t\t\t\taria-label=\"Animacje\"\n\t\t\t\t\t>\n\t\t<div class=\"jet-radio-list__button\">\n\t\t\t\t\t\t<span class=\"jet-radio-list__label\">Animacje<\/span>\n\t\t\t\t\t<\/div>\n\t<\/label>\n<\/div>\n<div class=\"jet-radio-list__row jet-filter-row\">\n\t\t<label class=\"jet-radio-list__item\" >\n\t\t<input\n\t\t\ttype=\"radio\"\n\t\t\tclass=\"jet-radio-list__input\"\n\t\t\tname=\"kategoria-portfolio\"\n\t\t\tvalue=\"33\"\n\t\t\tdata-label=\"Rolki\"\n\t\t\t\t\t\taria-label=\"Rolki\"\n\t\t\t\t\t>\n\t\t<div class=\"jet-radio-list__button\">\n\t\t\t\t\t\t<span class=\"jet-radio-list__label\">Rolki<\/span>\n\t\t\t\t\t<\/div>\n\t<\/label>\n<\/div>\n<\/fieldset><\/form><\/div>\n<\/div>\t\t\t\t<\/div>\n\t\t\t\t<\/div>\n\t\t\t\t<div class=\"elementor-element elementor-element-8a4c1ac elementor-widget__width-inherit elementor-widget elementor-widget-jet-listing-grid\" data-id=\"8a4c1ac\" data-element_type=\"widget\" data-e-type=\"widget\" id=\"portfolio-1\" data-settings=\"{&quot;columns&quot;:&quot;3&quot;,&quot;columns_tablet&quot;:&quot;2&quot;,&quot;columns_mobile&quot;:&quot;1&quot;}\" data-widget_type=\"jet-listing-grid.default\">\n\t\t\t\t<div class=\"elementor-widget-container\">\n\t\t\t\t\t<div class=\"jet-listing-grid jet-listing-grid--lazy-load jet-listing jet-listing-grid-loading\" data-lazy-load=\"{&quot;offset&quot;:&quot;0px&quot;,&quot;post_id&quot;:1952,&quot;queried_id&quot;:&quot;1952|WP_Post&quot;}\"><div class=\"jet-listing-grid__loader\"><div class=\"jet-listing-grid__loader-spinner\"><\/div><\/div><\/div>\t\t\t\t<\/div>\n\t\t\t\t<\/div>\n\t\t\t\t<div class=\"elementor-element elementor-element-6e13fd7 elementor-align-center elementor-widget elementor-widget-button\" data-id=\"6e13fd7\" data-element_type=\"widget\" data-e-type=\"widget\" id=\"load-more\" data-widget_type=\"button.default\">\n\t\t\t\t<div class=\"elementor-widget-container\">\n\t\t\t\t\t\t\t\t\t<div class=\"elementor-button-wrapper\">\n\t\t\t\t\t<a class=\"elementor-button elementor-size-sm\" role=\"button\">\n\t\t\t\t\t\t<span class=\"elementor-button-content-wrapper\">\n\t\t\t\t\t\t\t\t\t<span class=\"elementor-button-text\">Load more<\/span>\n\t\t\t\t\t<\/span>\n\t\t\t\t\t<\/a>\n\t\t\t\t<\/div>\n\t\t\t\t\t\t\t\t<\/div>\n\t\t\t\t<\/div>\n\t\t\t\t\t<\/div>\n\t\t\t\t<\/div>\n\t\t<div class=\"elementor-element elementor-element-018772a e-con-full e-flex e-con e-parent\" data-id=\"018772a\" data-element_type=\"container\" data-e-type=\"container\">\n\t\t\t\t<div class=\"elementor-element elementor-element-c9dabb8 elementor-widget elementor-widget-template\" data-id=\"c9dabb8\" data-element_type=\"widget\" data-e-type=\"widget\" data-widget_type=\"template.default\">\n\t\t\t\t<div class=\"elementor-widget-container\">\n\t\t\t\t\t\t\t<div class=\"elementor-template\">\n\t\t\t\t\t<div data-elementor-type=\"container\" data-elementor-id=\"2083\" class=\"elementor elementor-2083 elementor-2076 elementor-2076\" data-elementor-post-type=\"elementor_library\">\n\t\t\t\t<div class=\"elementor-element elementor-element-46c62df e-flex e-con-boxed e-con e-parent\" data-id=\"46c62df\" data-element_type=\"container\" data-e-type=\"container\" data-settings=\"{&quot;background_background&quot;:&quot;classic&quot;}\">\n\t\t\t\t\t<div class=\"e-con-inner\">\n\t\t\t\t<div class=\"elementor-element elementor-element-52535a7 elementor-widget elementor-widget-heading\" data-id=\"52535a7\" data-element_type=\"widget\" data-e-type=\"widget\" data-widget_type=\"heading.default\">\n\t\t\t\t<div class=\"elementor-widget-container\">\n\t\t\t\t\t<h3 class=\"elementor-heading-title elementor-size-default\">Create with us<\/h3>\t\t\t\t<\/div>\n\t\t\t\t<\/div>\n\t\t\t\t<div class=\"elementor-element elementor-element-0c1c81c elementor-widget__width-initial elementor-widget elementor-widget-text-editor\" data-id=\"0c1c81c\" data-element_type=\"widget\" data-e-type=\"widget\" data-widget_type=\"text-editor.default\">\n\t\t\t\t<div class=\"elementor-widget-container\">\n\t\t\t\t\t\t\t\t\tEach production can be recognized as an out-of-the-box project and you can be sure we will complete it! Deliver us your brief and together we will make a movie that would attract the viewers.\t\t\t\t\t\t\t\t<\/div>\n\t\t\t\t<\/div>\n\t\t\t\t<div class=\"elementor-element elementor-element-323f5ad elementor-align-center elementor-widget elementor-widget-button\" data-id=\"323f5ad\" data-element_type=\"widget\" data-e-type=\"widget\" data-widget_type=\"button.default\">\n\t\t\t\t<div class=\"elementor-widget-container\">\n\t\t\t\t\t\t\t\t\t<div class=\"elementor-button-wrapper\">\n\t\t\t\t\t<a class=\"elementor-button elementor-button-link elementor-size-sm\" href=\"\/en\/contact\">\n\t\t\t\t\t\t<span class=\"elementor-button-content-wrapper\">\n\t\t\t\t\t\t\t\t\t<span class=\"elementor-button-text\">Email us: info@wmediawzieci.pl<\/span>\n\t\t\t\t\t<\/span>\n\t\t\t\t\t<\/a>\n\t\t\t\t<\/div>\n\t\t\t\t\t\t\t\t<\/div>\n\t\t\t\t<\/div>\n\t\t\t\t\t<\/div>\n\t\t\t\t<\/div>\n\t\t\t\t<\/div>\n\t\t\t\t<\/div>\n\t\t\t\t\t\t<\/div>\n\t\t\t\t<\/div>\n\t\t\t\t<\/div>\n\t\t\t\t<\/div>\n\t\t","protected":false},"excerpt":{"rendered":"<p>Portfolio See our latest film projects. Check corporate videos, promotional spots, advertising animations or social reels. Kategoria portfolio All Produkcje filmowe Animacje Rolki Load more<\/p>\n","protected":false},"author":1,"featured_media":0,"parent":0,"menu_order":0,"comment_status":"closed","ping_status":"closed","template":"","meta":{"footnotes":""},"class_list":["post-1952","page","type-page","status-publish","hentry"],"yoast_head":"<!-- This site is optimized with the Yoast SEO plugin v27.2 - https:\/\/yoast.com\/product\/yoast-seo-wordpress\/ -->\n<title>Portfolio - wMediaWzi\u0119ci<\/title>\n<meta name=\"robots\" content=\"index, follow, max-snippet:-1, max-image-preview:large, max-video-preview:-1\" \/>\n<link rel=\"canonical\" href=\"https:\/\/wmediawzieci.com.pl\/en\/portfolio\/\" \/>\n<meta property=\"og:locale\" content=\"en_US\" \/>\n<meta property=\"og:type\" content=\"article\" \/>\n<meta property=\"og:title\" content=\"Portfolio - wMediaWzi\u0119ci\" \/>\n<meta property=\"og:description\" content=\"Portfolio See our latest film projects. Check corporate videos, promotional spots, advertising animations or social reels. Kategoria portfolio All Produkcje filmowe Animacje Rolki Load more\" \/>\n<meta property=\"og:url\" content=\"https:\/\/wmediawzieci.com.pl\/en\/portfolio\/\" \/>\n<meta property=\"og:site_name\" content=\"wMediaWzi\u0119ci\" \/>\n<meta property=\"article:modified_time\" content=\"2026-02-03T17:11:19+00:00\" \/>\n<meta property=\"og:image\" content=\"https:\/\/wmediawzieci.com.pl\/wp-content\/uploads\/2025\/01\/og-image.jpg\" \/>\n\t<meta property=\"og:image:width\" content=\"1200\" \/>\n\t<meta property=\"og:image:height\" content=\"875\" \/>\n\t<meta property=\"og:image:type\" content=\"image\/jpeg\" \/>\n<meta name=\"twitter:card\" content=\"summary_large_image\" \/>\n<meta name=\"twitter:label1\" content=\"Est. reading time\" \/>\n\t<meta name=\"twitter:data1\" content=\"1 minute\" \/>\n<script type=\"application\/ld+json\" class=\"yoast-schema-graph\">{\"@context\":\"https:\/\/schema.org\",\"@graph\":[{\"@type\":\"WebPage\",\"@id\":\"https:\/\/wmediawzieci.com.pl\/en\/portfolio\/\",\"url\":\"https:\/\/wmediawzieci.com.pl\/en\/portfolio\/\",\"name\":\"Portfolio - wMediaWzi\u0119ci\",\"isPartOf\":{\"@id\":\"https:\/\/wmediawzieci.com.pl\/#website\"},\"datePublished\":\"2024-12-27T11:36:49+00:00\",\"dateModified\":\"2026-02-03T17:11:19+00:00\",\"breadcrumb\":{\"@id\":\"https:\/\/wmediawzieci.com.pl\/en\/portfolio\/#breadcrumb\"},\"inLanguage\":\"en-US\",\"potentialAction\":[{\"@type\":\"ReadAction\",\"target\":[\"https:\/\/wmediawzieci.com.pl\/en\/portfolio\/\"]}]},{\"@type\":\"BreadcrumbList\",\"@id\":\"https:\/\/wmediawzieci.com.pl\/en\/portfolio\/#breadcrumb\",\"itemListElement\":[{\"@type\":\"ListItem\",\"position\":1,\"name\":\"Strona g\u0142\u00f3wna\",\"item\":\"https:\/\/wmediawzieci.com.pl\/en\/\"},{\"@type\":\"ListItem\",\"position\":2,\"name\":\"Portfolio\"}]},{\"@type\":\"WebSite\",\"@id\":\"https:\/\/wmediawzieci.com.pl\/#website\",\"url\":\"https:\/\/wmediawzieci.com.pl\/\",\"name\":\"wMediaWzi\u0119ci\",\"description\":\"\",\"publisher\":{\"@id\":\"https:\/\/wmediawzieci.com.pl\/#organization\"},\"potentialAction\":[{\"@type\":\"SearchAction\",\"target\":{\"@type\":\"EntryPoint\",\"urlTemplate\":\"https:\/\/wmediawzieci.com.pl\/?s={search_term_string}\"},\"query-input\":{\"@type\":\"PropertyValueSpecification\",\"valueRequired\":true,\"valueName\":\"search_term_string\"}}],\"inLanguage\":\"en-US\"},{\"@type\":\"Organization\",\"@id\":\"https:\/\/wmediawzieci.com.pl\/#organization\",\"name\":\"wMediaWzi\u0119ci\",\"url\":\"https:\/\/wmediawzieci.com.pl\/\",\"logo\":{\"@type\":\"ImageObject\",\"inLanguage\":\"en-US\",\"@id\":\"https:\/\/wmediawzieci.com.pl\/#\/schema\/logo\/image\/\",\"url\":\"https:\/\/wmediawzieci.com.pl\/wp-content\/uploads\/2024\/12\/wmediawzieic-logo-horizontal.png\",\"contentUrl\":\"https:\/\/wmediawzieci.com.pl\/wp-content\/uploads\/2024\/12\/wmediawzieic-logo-horizontal.png\",\"width\":782,\"height\":175,\"caption\":\"wMediaWzi\u0119ci\"},\"image\":{\"@id\":\"https:\/\/wmediawzieci.com.pl\/#\/schema\/logo\/image\/\"}}]}<\/script>\n<!-- \/ Yoast SEO plugin. -->","yoast_head_json":{"title":"Portfolio - wMediaWzi\u0119ci","robots":{"index":"index","follow":"follow","max-snippet":"max-snippet:-1","max-image-preview":"max-image-preview:large","max-video-preview":"max-video-preview:-1"},"canonical":"https:\/\/wmediawzieci.com.pl\/en\/portfolio\/","og_locale":"en_US","og_type":"article","og_title":"Portfolio - wMediaWzi\u0119ci","og_description":"Portfolio See our latest film projects. Check corporate videos, promotional spots, advertising animations or social reels. Kategoria portfolio All Produkcje filmowe Animacje Rolki Load more","og_url":"https:\/\/wmediawzieci.com.pl\/en\/portfolio\/","og_site_name":"wMediaWzi\u0119ci","article_modified_time":"2026-02-03T17:11:19+00:00","og_image":[{"width":1200,"height":875,"url":"https:\/\/wmediawzieci.com.pl\/wp-content\/uploads\/2025\/01\/og-image.jpg","type":"image\/jpeg"}],"twitter_card":"summary_large_image","twitter_misc":{"Est. reading time":"1 minute"},"schema":{"@context":"https:\/\/schema.org","@graph":[{"@type":"WebPage","@id":"https:\/\/wmediawzieci.com.pl\/en\/portfolio\/","url":"https:\/\/wmediawzieci.com.pl\/en\/portfolio\/","name":"Portfolio - wMediaWzi\u0119ci","isPartOf":{"@id":"https:\/\/wmediawzieci.com.pl\/#website"},"datePublished":"2024-12-27T11:36:49+00:00","dateModified":"2026-02-03T17:11:19+00:00","breadcrumb":{"@id":"https:\/\/wmediawzieci.com.pl\/en\/portfolio\/#breadcrumb"},"inLanguage":"en-US","potentialAction":[{"@type":"ReadAction","target":["https:\/\/wmediawzieci.com.pl\/en\/portfolio\/"]}]},{"@type":"BreadcrumbList","@id":"https:\/\/wmediawzieci.com.pl\/en\/portfolio\/#breadcrumb","itemListElement":[{"@type":"ListItem","position":1,"name":"Strona g\u0142\u00f3wna","item":"https:\/\/wmediawzieci.com.pl\/en\/"},{"@type":"ListItem","position":2,"name":"Portfolio"}]},{"@type":"WebSite","@id":"https:\/\/wmediawzieci.com.pl\/#website","url":"https:\/\/wmediawzieci.com.pl\/","name":"wMediaWzi\u0119ci","description":"","publisher":{"@id":"https:\/\/wmediawzieci.com.pl\/#organization"},"potentialAction":[{"@type":"SearchAction","target":{"@type":"EntryPoint","urlTemplate":"https:\/\/wmediawzieci.com.pl\/?s={search_term_string}"},"query-input":{"@type":"PropertyValueSpecification","valueRequired":true,"valueName":"search_term_string"}}],"inLanguage":"en-US"},{"@type":"Organization","@id":"https:\/\/wmediawzieci.com.pl\/#organization","name":"wMediaWzi\u0119ci","url":"https:\/\/wmediawzieci.com.pl\/","logo":{"@type":"ImageObject","inLanguage":"en-US","@id":"https:\/\/wmediawzieci.com.pl\/#\/schema\/logo\/image\/","url":"https:\/\/wmediawzieci.com.pl\/wp-content\/uploads\/2024\/12\/wmediawzieic-logo-horizontal.png","contentUrl":"https:\/\/wmediawzieci.com.pl\/wp-content\/uploads\/2024\/12\/wmediawzieic-logo-horizontal.png","width":782,"height":175,"caption":"wMediaWzi\u0119ci"},"image":{"@id":"https:\/\/wmediawzieci.com.pl\/#\/schema\/logo\/image\/"}}]}},"_links":{"self":[{"href":"https:\/\/wmediawzieci.com.pl\/en\/wp-json\/wp\/v2\/pages\/1952","targetHints":{"allow":["GET"]}}],"collection":[{"href":"https:\/\/wmediawzieci.com.pl\/en\/wp-json\/wp\/v2\/pages"}],"about":[{"href":"https:\/\/wmediawzieci.com.pl\/en\/wp-json\/wp\/v2\/types\/page"}],"author":[{"embeddable":true,"href":"https:\/\/wmediawzieci.com.pl\/en\/wp-json\/wp\/v2\/users\/1"}],"replies":[{"embeddable":true,"href":"https:\/\/wmediawzieci.com.pl\/en\/wp-json\/wp\/v2\/comments?post=1952"}],"version-history":[{"count":70,"href":"https:\/\/wmediawzieci.com.pl\/en\/wp-json\/wp\/v2\/pages\/1952\/revisions"}],"predecessor-version":[{"id":2588,"href":"https:\/\/wmediawzieci.com.pl\/en\/wp-json\/wp\/v2\/pages\/1952\/revisions\/2588"}],"wp:attachment":[{"href":"https:\/\/wmediawzieci.com.pl\/en\/wp-json\/wp\/v2\/media?parent=1952"}],"curies":[{"name":"wp","href":"https:\/\/api.w.org\/{rel}","templated":true}]}}